{"id":2910,"date":"2024-02-16T07:03:48","date_gmt":"2024-02-16T07:03:48","guid":{"rendered":"https:\/\/www.citergaz.com\/?page_id=2910"},"modified":"2025-11-06T15:52:38","modified_gmt":"2025-11-06T15:52:38","slug":"contacts","status":"publish","type":"page","link":"https:\/\/www.citergaz.com\/en\/contacts\/","title":{"rendered":"Contacts"},"content":{"rendered":"\t\t<div data-elementor-type=\"wp-page\" data-elementor-id=\"2910\" class=\"elementor elementor-2910 elementor-312\">\n\t\t\t\t<div class=\"elementor-element elementor-element-35bfa7d e-con-full-nospace e-flex e-con e-parent\" data-id=\"35bfa7d\" data-element_type=\"container\" data-settings=\"{&quot;content_width&quot;:&quot;full-nospace&quot;}\" data-sticky-container=\"\">\r\n\t\t\t\t<div class=\"elementor-element elementor-element-b10c3c0 cms-eptitle-header-transparent-yes cms-eptitle-overlay-1 elementor-widget elementor-widget-cms_page_title\" data-id=\"b10c3c0\" data-element_type=\"widget\" data-widget_type=\"cms_page_title.default\">\n\t\t\t\t<div class=\"elementor-widget-container\">\n\t\t\t\t\t<div class=\"cms-eptitle-overlay cms-overlay cms-bg-parallax cms-lazy\" style=\"--cms-bg-lazyload:url(https:\/\/www.citergaz.com\/wp-content\/uploads\/2025\/01\/banner-1x1-citergaz.jpg);background-image:var(--cms-bg-lazyload-loaded);background-position:center center;\"><div class=\"cms-eptitle-overlay-shadow cms-overlay rtl-flip\"><\/div><\/div>\n<div class=\"cms-eptitle cms-eptitle-1 relative z-top text-center\">\n\t<div class=\"cms-content container text-center d-flex justify-content-center\">\n\t\t<div class=\"cms--content d-flex justify-content-center\">\n\t\t\t<div class=\"cms-small-title pb-10 w-100 text-15 text-uppercase pt-5 text-white ls-06 empty-none\"><\/div>\n\t\t\t<h1 class=\"cms-title lh-11538 text-65 text-tablet-50 text-mobile-30 text-white w-100 empty-none\">Contacts<\/h1>\n\t\t\t<div class=\"cms-desc pt-20 w-100 text-17 text-white empty-none\"><\/div>\n\t\t\t<div class=\"d-flex align-items-center gap empty-none w-100 pt-35 justify-content-center\" style=\"--cms-gap:30px;--cms-gap-tablet:30px;--cms-gap-mobile:20px;\"><\/div>\n\t\t\t<ul class=\"cms-breadcrumb unstyled text-white text-hover-white justify-content-center\"><li><span class=\"breadcrumb-entry\" >Home<\/span><\/li><\/ul>\t\t<\/div>\n\t<\/div>\n<\/div>\t\t\t\t<\/div>\n\t\t\t\t<\/div>\n\t\t\t\t<\/div>\r\n\t\t<div class=\"elementor-element elementor-element-4165342 p-tb-110 p-tb-tablet-40 e-flex e-con-boxed e-con e-parent\" data-id=\"4165342\" data-element_type=\"container\" data-settings=\"{&quot;content_width&quot;:&quot;boxed&quot;}\" data-sticky-container=\"\">\r\n\t\t\t\t\t<div class=\"e-con-inner\">\r\n\t\t<div class=\"elementor-element elementor-element-367dd7a e-con-full e-flex elementor-invisible e-con e-child\" data-id=\"367dd7a\" data-element_type=\"container\" data-settings=\"{&quot;content_width&quot;:&quot;full&quot;,&quot;animation&quot;:&quot;fadeInLeft&quot;}\" data-sticky-container=\"\">\r\n\t\t\t\t<div class=\"elementor-element elementor-element-f0f1145 elementor-widget elementor-widget-cms_quickcontact\" data-id=\"f0f1145\" data-element_type=\"widget\" data-widget_type=\"cms_quickcontact.default\">\n\t\t\t\t<div class=\"elementor-widget-container\">\n\t\t\t\t\t<div class=\"cms-eqc cms-eqc-4 \">\n\t\t\t<div class=\"cms-title text-custom text-20 font-600 pb-15\">Contacts\n<\/div>\n\t\t<a class=\"cms-eqc-item d-flex align-items-center gap-10  cms-email text-primary text-hover-accent text-14\" href=\"mailto:geral@citergaz.com\" target=\"_blank\">\n\t\t<span class=\"cms-email-title cms-icon-color text-primary \">Email:<\/span>\n\t\t<span class=\"cms-email-text\">geral@citergaz.com<\/span>\n\t<\/a>\n\t\t\t<a class=\"cms-eqc-item d-flex align-items-center gap-10  cms-phone text-primary text-hover-accent text-14\" href=\"tel:+351234520000\">\n\t\t\t<span class=\"cms-phone-title cms-icon-color text-primary  empty-none\">Call: <\/span>\n\t\t\t<span class=\"cms-phone-text\">+351 234 520 000<\/span>\n\t\t<\/a>\n\t\t\t<a class=\"cms-eqc-item  cms-address text-primary text-hover-accent d-block pt-35\" href=\"https:\/\/maps.google.com\/maps?q=Citergaz%20-%20Caldeiraria%20e%20Manuten%C3%A7%C3%A3o%20S.A%2C%20Zona%20industrial%20Arruamento%20E%209%2C%203850-184%20Albergaria-a-Velha%2C%20Portugal&amp;t=m&amp;z=14&amp;iwloc=near\" target=\"_blank\">\n\t\t\t<div class=\"cms-address-title text-20 font-600 pb-15 cms-icon-color text-primary \">Address<\/div>\n\t\t\t<div class=\"cms-address-text text-14\">Citergaz - Caldeiraria e Manuten\u00e7\u00e3o S.A, Zona industrial Arruamento E 9, 3850-184 Albergaria-a-Velha, Portugal<\/div>\n\t\t<\/a>\n\t\t<div class=\"cms-eqc-item  cms-time text-primary text-hover-accent text-14 pt-35\">\n\t\t<div class=\"cms-time-title cms-icon-color text-primary  text-20 font-600 pb-15\">Opening Hours<\/div>\n\t\t<div class=\"cms-time-text\">Monday to Friday: 08h00 \u2013 17h30<\/div>\n\t\t<div class=\"exclude-time text-red empty-none w-100\"><\/div>\n\t<\/div>\n\t<\/div>\t\t\t\t<\/div>\n\t\t\t\t<\/div>\n\t\t\t\t<div class=\"elementor-element elementor-element-8b6938a pt-15 elementor-widget elementor-widget-cms_social_icons\" data-id=\"8b6938a\" data-element_type=\"widget\" data-widget_type=\"cms_social_icons.default\">\n\t\t\t\t<div class=\"elementor-widget-container\">\n\t\t\t\t\t\n<div class=\"cms-social-icons cms-social-icons-3 d-flex gap-10 text-20 \">\n\t<div class=\"text-13 text- \">Follow us:<\/div>\n\t\t<a class=\"cms-social-item d-flex align-items-center gap-10 cms-animate-icon  elementor-repeater-item-6198f50 text-primary-regular text-hover-secondary-regular\" href=\"https:\/\/www.facebook.com\/citergaztanks\/\" target=\"_blank\">\n\t\t<i aria-hidden=\"true\" class=\"cms-icon text-20 cmsi-facebook\"><\/i>\t\t\t<\/a>\n\t\t<a class=\"cms-social-item d-flex align-items-center gap-10 cms-animate-icon  elementor-repeater-item-409b597 text-primary-regular text-hover-secondary-regular\" href=\"https:\/\/www.linkedin.com\/company\/citergaz\/\" target=\"_blank\">\n\t\t<i aria-hidden=\"true\" class=\"cms-icon text-20 cmsi-linkedin-circle\"><\/i>\t\t\t<\/a>\n\t\t<a class=\"cms-social-item d-flex align-items-center gap-10 cms-animate-icon  elementor-repeater-item-e3f0061 text-primary-regular text-hover-secondary-regular\" href=\"https:\/\/www.instagram.com\/citergaz.sa\" target=\"_blank\">\n\t\t<i aria-hidden=\"true\" class=\"cms-icon text-20 cmsi cmsi-instagram\"><\/i>\t\t\t<\/a>\n\t<\/div>\t\t\t\t<\/div>\n\t\t\t\t<\/div>\n\t\t\t\t<\/div>\r\n\t\t<div class=\"elementor-element elementor-element-174274c e-con-full e-flex elementor-invisible e-con e-child\" data-id=\"174274c\" data-element_type=\"container\" data-settings=\"{&quot;content_width&quot;:&quot;full&quot;,&quot;animation&quot;:&quot;fadeInRight&quot;}\" data-sticky-container=\"\">\r\n\t\t\t\t<div class=\"elementor-element elementor-element-6f0f098 elementor-widget elementor-widget-leaflet_map_various_coordinates\" data-id=\"6f0f098\" data-element_type=\"widget\" data-widget_type=\"leaflet_map_various_coordinates.default\">\n\t\t\t\t<div class=\"elementor-widget-container\">\n\t\t\t\t\t\t\t\n\t\t\t\t<style>\n\t\t\t\t\t#map {\n\t\t\t\t\t\tdisplay: flex;\n\t\t\t\t\t\twidth: 100%;\n\t\t\t\t\t\theight: 600px;\n\t\t\t\t\t\tz-index: 0;\n\t\t\t\t\t}\n\n\t\t\t\t\t\t\t\t\t\t\n\t\t\t\t\t@media screen and (max-width: 500px) {\n\t\t\t\t\t\t#map {\n\t\t\t\t\t\t\theight: 380px;\n\t\t\t\t\t\t}\n\t\t\t\t\t}\n\n\t\t\t\t\t\/* END INFO WINDOW *\/\n\n\t\t\t\t\t.leaflet-bottom {\n\t\t\t\t\t\tdisplay: none;\n\t\t\t\t\t}\n\n\t\t\t\t\t.map-container {\n\t\t\t\t\t\t\theight: 500px;\n\t\t\t\t\t\t\twidth: 100vh;\n\t\t\t\t\t}\n\n\t\t\t\t\t.map-wrapper {\n\t\t\t\t\t\t\tz-index: 0;\n\t\t\t\t\t\t\tposition: absolute;\n\t\t\t\t\t\t\ttop: 0;\n\t\t\t\t\t\t\tleft: 0;\n\t\t\t\t\t\t\tbottom: 0;\n\t\t\t\t\t\t\tright: 0;\n\t\t\t\t\t\t\tbackground-color: #ededed;\n\t\t\t\t\t\t\ttransition: all .3s ease-in-out;\n\t\t\t\t\t\t\t-webkit-transition: all .3s ease-in-out;\n\t\t\t\t\t\t\t-moz-transition: all .3s ease-in-out;\n\t\t\t\t\t\t\t-ms-transition: all .3s ease-in-out;\n\t\t\t\t\t\t\t-o-transition: all .3s ease-in-out;\n\t\t\t\t\t}\n\n\t\t\t\t\t\/* INFO WINDOW *\/\n\t\t\t\t\t\n\t\t\t\t\t.leaflet-popup-content-wrapper {\n\t\t\t\t\t\tborder-radius: 0;\t\n\t\t\t\t\t\tpadding: 0;\n\t\t\t\t\t}\n\n\t\t\t\t\t.leaflet-popup-content {\n\t\t\t\t\t\tmargin: 0 !important;\n\t\t\t\t\t\twidth: 300px;\n\t\t\t\t\t}\n\n\t\t\t\t\t.leaflet-container a.leaflet-popup-close-button {\n\t\t\t\t\t\tpadding: 0;\n\t\t\t\t\t\theight: 25px !important;\n\t\t\t\t\t\twidth: 25px !important;\n\t\t\t\t\t\tborder: none;\n\t\t\t\t\t\tdisplay: -webkit-box;\n\t\t\t\t\t\tdisplay: -ms-flexbox;\n\t\t\t\t\t\tdisplay: flex;\n\t\t\t\t\t\t-webkit-box-pack: center;\n\t\t\t\t\t\t-ms-flex-pack: center;\n\t\t\t\t\t\tjustify-content: center;\n\t\t\t\t\t\t-webkit-box-align: center;\n\t\t\t\t\t\t-ms-flex-align: center;\n\t\t\t\t\t\talign-items: center;\n\t\t\t\t\t\t-webkit-transition: all .3s ease-in-out;\n\t\t\t\t\t\t-o-transition: all .3s ease-in-out;\n\t\t\t\t\t\ttransition: all .3s ease-in-out;\n\t\t\t\t\t}\n\n\t\t\t\t\t.info-window-map .image_close {\n\t\t\t\t\t\tdisplay: none;\n\t\t\t\t\t}\n\n\t\t\t\t\t.leaflet-fade-anim .leaflet-map-pane .leaflet-popup {\n\t\t\t\t\t\tbottom: 24px !important;\n\t\t\t\t\t}\n\n\t\t\t\t\t.info-window-map .image_out {\n\t\t\t\t\t\tposition: relative !important;\n\t\t\t\t\t\ttop: 0 !important;\n\t\t\t\t\t\tleft: 0 !important;\n\t\t\t\t\t\tpadding: 0;\n\t\t\t\t\t\theight: 180px;\n\t\t\t\t\t\toverflow: hidden;\n\t\t\t\t\t\tbackground-size: cover;\n\t\t\t\t\t\tbackground-repeat: no-repeat;\n\t\t\t\t\t\tbackground-position-x: 50%;\n\t\t\t\t\t\tbackground-position-y: 50%;\n\t\t\t\t\t}\n\n\t\t\t\t\t.info-window-map .content-map {\n\t\t\t\t\t\tbackground-color: #fff;\n\t\t\t\t\t\tpadding: 24px;\n\t\t\t\t\t\tfont-family: var(--cms-body-family) !important;\n\t\t\t\t\t}\n\n\t\t\t\t\t.info-window-map .content-info {\n\t\t\t\t\t\tmargin-bottom: 16px;\n\t\t\t\t\t}\n\n\t\t\t\t\t.info-window-map .content-info .subtitle {\n\t\t\t\t\t\tfont-size: 14px;\n\t\t\t\t\t\tline-height: 22px;\n\t\t\t\t\t\tcolor: var(--color-link);\n\t\t\t\t\t\ttext-align: center;\n\t\t\t\t\t\tmargin: 0 0 8px 0;\n\t\t\t\t\t}\n\n\t\t\t\t\t.info-window-map .content-info .title {\n\t\t\t\t\t\tfont-size: 22px;\n\t\t\t\t\t\tline-height: 30px;\n\t\t\t\t\t\ttext-align: center;\n\t\t\t\t\t\tmargin: 0;\n\t\t\t\t\t\tfont-weight: 600;\n\t\t\t\t\t}\n\n\t\t\t\t\t.info-window-map .content-info .adresse {\n\t\t\t\t\t\tfont-size: 14px;\n\t\t\t\t\t\tline-height: 22px;\n\t\t\t\t\t\tcolor: var(--color-text-light);\n\t\t\t\t\t\ttext-align: center;\n\t\t\t\t\t\tmargin: 8px 0 0 0;\n\t\t\t\t\t}\n\n\t\t\t\t\t.info-window-map .content-info .contacts-wrapper {\n\t\t\t\t\t\tmargin: 16px 0;\n\t\t\t\t\t\ttext-align: center;\n\t\t\t\t\t\tfont-size: 14px;\n\t\t\t\t\t\tline-height: 22px;\n\t\t\t\t\t\tfont-weight: 500;\n\t\t\t\t\t}\n\n\t\t\t\t\t.info-window-map .content-info .contacts-wrapper .phone {\n\t\t\t\t\t\tmargin: 0;\n\t\t\t\t\t}\n\n\t\t\t\t\t.info-window-map .content-info .contacts-wrapper .email {\n\t\t\t\t\t\tcolor: var(--color-link);\n\t\t\t\t\t\t-webkit-transition: 0.1s cubic-bezier(0.28, 0.12, 0.22, 1);\n\t\t\t\t\t\ttransition: 0.1s cubic-bezier(0.28, 0.12, 0.22, 1);\n\t\t\t\t\t}\n\n\t\t\t\t\t.info-window-map .content-info .contacts-wrapper .email:hover {\n\t\t\t\t\t\tcolor: var(--color-primary);\n\t\t\t\t\t}\n\n\t\t\t\t\t.info-window-map .buttons-wrapper {\n\t\t\t\t\t\tdisplay: flex;\n\t\t\t\t\t\tjustify-content: center;\n\t\t\t\t\t}\n\n\t\t\t\t\t.info-window-map .buttons-wrapper a {\n\t\t\t\t\t\t\/* font-size: 14px;\n\t\t\t\t\t\tline-height: 22px;\n\t\t\t\t\t\tcolor: #fff;\n\t\t\t\t\t\tfont-weight: 600;\n\t\t\t\t\t\tpadding: 12px 20px;\n\t\t\t\t\t\tbackground-color: var(--cms-accent-regular);\n\t\t\t\t\t\tborder-radius: 0;\n\t\t\t\t\t\tdisplay: flex;\n\t\t\t\t\t\tjustify-content: center;\n\t\t\t\t\t\talign-items: center;\n\t\t\t\t\t\tgap: 10px;\n\t\t\t\t\t\ttransition: all 300ms linear 0ms; *\/\n\t\t\t\t\t\tcolor: #fff;\n\t\t\t\t\t}\n\/* \t\t\t\t\t\n\t\t\t\t\t.info-window-map .buttons-wrapper a:hover {\n\t\t\t\t\t\tbackground-color: var(--cms-primary-regular);\n\t\t\t\t\t} *\/\n\n\t\t\t<\/style>\n\n\t\t\t<script>\n\n\t\t\t\t\n\t\t\t\tjQuery(document).ready(function(){\n\t\t\t\t\tvar icon;\n\t\t\t\t\tvar markers = [];\n\t\t\t\t\tvar markersGroup;\n\n\n\t\t\t\t\tvar bounds = new L.LatLngBounds( [[\n\t\t\t\t\t\t \n\t\t\t\t\t\t\t[40.709768, -8.495532],\n\t\t\t\t\t\t\t\t\t\t\t]] );\n\n\t\t\t\t\t\n\t\t\t\t\t\n\t\t\t\t\tvar map = L.map('map', {\n    \t\t\t\t\tscrollWheelZoom: false\n\t\t\t\t\t});\n\t\t\t\t\tL.tileLayer('https:\/\/{s}.tile.openstreetmap.org\/{z}\/{x}\/{y}.png', {\n\t\t\t\t\t\tmaxZoom: 19,\n\t\t\t\t\t\tattribution: ''\n\t\t\t\t\t}).addTo(map);\n\n\t\t\t\t\tmap.fitBounds(bounds, {\n\t\t\t\t\t\tpadding: [50,50]\n\t\t\t\t\t})\n\n\t\t\t\t\tmap.setZoom(15);\n\t\t\t\t\t\t\t\t\t\t\ticon = L.icon({\n\t\t\t\t\t\t\ticonUrl: 'https:\/\/www.citergaz.com\/wp-content\/uploads\/2025\/04\/pr-dot.png',\n\t\t\t\t\t\t\ticonSize: [50, 50],\n\t\t\t\t\t\t\ticonAnchor: [25, 50],\n\t\t\t\t\t\t\tpopupAnchor: [0, -50]\n\t\t\t\t\t\t});\n\t\t\t\t\t\t\t\t\t\t\n\t\t\t\t\t \n\t\t\t\t\t\t\t\t\t\t\t\tlet infowindow_0 =  `\n\t\t\t\t\t\t<div class='info-window-map'>\n\t\t\t\t\t\t\t<div class='content-map'>\n\t\t\t\t\t\t\t\t<div class='content-info'>\n\t\t\t\t\t\t\t\t\t\t\t\t\t\t\t\t\t\t\t\t\t\t\t\t\t\t\t\t\t<h4 class='title'>Citergaz, Caldeiraria e Manuten\u00e7\u00e3o, S.A<\/h4>\n\t\t\t\t\t\t\t\t\t\t\t\t\t\t\t\t\t\t\t\t\t\t\t\t\t\t\t\t<p class='adresse'>Zona Industrial ALB., Arruamento E, Lote 9, 3850 \u2013 184, Albergaria-a-Velha Aveiro, Portugal<\/p>\n\t\t\t\t\t\t\t\t\t\t\t\t\t\t\t\t\t\t\t\t\t\t\t\t\t\t\t\t<div class='contacts-wrapper'>\n\t\t\t\t\t\t\t\t\t\t\t\t\t\t\t\t\t\t\t\t\t\t\t<p class='phone'>+351 234 520 000<\/p>\n\t\t\t\t\t\t\t\t\t\t\t\t\t\t\t\t\t\t\t\t\t\t\t\t\t\t\t\t\t\t\t\t\t\t<a class='email' href='mailto:geral@citergaz.com'>geral@citergaz.com<\/a>\n\t\t\t\t\t\t\t\t\t\t\t\t\t\t\t\t\t\t\t\t\t<\/div>\n\t\t\t\t\t\t\t\t\t\t\t\t\t\t\t\t\t<\/div>\n\t\t\t\t\t\t\t\t\t\t\t\t\t\t\t\t<div class='buttons-wrapper'>\n\t\t\t\t\t\t\t\t\t\t\t\t\t\t\t\t\t\t\t<a class=\"h-btn h-btn1 btn btn-smd btn-hover-accent text-hover-white cms-hover-move-icon-up cms-hidden-mobile-menu btn-primary-regular text-white\" target='_blank' href='https:\/\/www.google.com\/maps\/dir\/Current+Location\/40.709768, -8.495532'>\n\t\t\t\t\t\t\t\t\t\t\t<span>Get directions<\/span>\n\t\t\t\t\t\t\t\t\t\t\t<span class=\"order-last text-12\">            \n\t\t\t\t\t\t\t\t\t\t\t\t<svg class=\"rtl-flip\" fill=\"currentColor\" fill-hover=\"currentColor\" enable-background=\"new 0 0 64 64\" height=\"512\" viewBox=\"0 0 64 64\" width=\"512\" xmlns=\"http:\/\/www.w3.org\/2000\/svg\">\n\t\t\t\t\t\t\t\t\t\t\t\t\t\t<g class=\"cms-hover-move-1\">\n\t\t\t\t\t\t\t\t\t\t\t\t\t\t\t\t<path d=\"m56 6h-48c-1.104 0-2 .896-2 2s.896 2 2 2h43.171l-44.585 44.586c-.781.781-.781 2.047 0 2.828.391.391.902.586 1.414.586s1.024-.195 1.414-.586l44.586-44.586v43.172c0 1.104.896 2 2 2s2-.896 2-2v-48c0-1.104-.896-2-2-2z\" fill=\"currentColor\"><\/path>\n\t\t\t\t\t\t\t\t\t\t\t\t\t\t<\/g>\n\t\t\t\t\t\t\t\t\t\t\t\t\t\t<g class=\"cms-hover-move-2\">\n\t\t\t\t\t\t\t\t\t\t\t\t\t\t\t\t<path d=\"m56 6h-48c-1.104 0-2 .896-2 2s.896 2 2 2h43.171l-44.585 44.586c-.781.781-.781 2.047 0 2.828.391.391.902.586 1.414.586s1.024-.195 1.414-.586l44.586-44.586v43.172c0 1.104.896 2 2 2s2-.896 2-2v-48c0-1.104-.896-2-2-2z\" fill=\"currentColor\"><\/path>\n\t\t\t\t\t\t\t\t\t\t\t\t\t\t<\/g>\n\t\t\t\t\t\t\t\t\t\t\t\t<\/svg>\n\t\t\t\t\t\t\t\t\t\t<\/span>\n\t\t\t\t\t\t\t\t\t<\/a>\n\t\t\t\t\t\t\t\t\t\t\t\t\t\t\t\t\t<\/div>\n\t\t\t\t\t\t\t\t\t\t\t\t\t\t\t<\/div>\n\t\t\t\t\t\t<\/div>\n\t\t\t\t\t\t`;\n\t\t\t\t\t\tlet marker_0 = L.marker( [40.709768, -8.495532], {\n\t\t\t\t\t\t\ticon : icon\n\t\t\t\t\t\t} );\n\t\t\t\t\t\tmarker_0.bindPopup(infowindow_0);\n\t\t\t\t\t\tmarkers.push(marker_0)\n\n\t\t\t\t\t\n\t\t\t\t\tmarkersGroup = L.layerGroup(markers)\n\n\t\t\t\t\tmarkersGroup.addTo(map)\n\t\t\t\t})\n\t\t\t<\/script>\n\t\t\t<div id=\"map\"><\/div>\n\t\t\t\t\t\t<\/div>\n\t\t\t\t<\/div>\n\t\t\t\t<\/div>\r\n\t\t\t\t\t<\/div>\r\n\t\t\t\t<\/div>\r\n\t\t\t\t<\/div>\n\t\t","protected":false},"excerpt":{"rendered":"<p>Contacts In\u00edcio Contacts Email: geral@citergaz.com Call: +351 234 520 000 Address Citergaz &#8211; Caldeiraria e Manuten\u00e7\u00e3o S.A, Zona industrial Arruamento E 9, 3850-184 Albergaria-a-Velha, Portugal Opening Hours Monday to Friday: 08h00 \u2013 17h30 Follow us:<\/p>\n","protected":false},"author":3,"featured_media":0,"parent":0,"menu_order":15,"comment_status":"closed","ping_status":"closed","template":"","meta":{"footnotes":""},"class_list":["post-2910","page","type-page","status-publish","hentry"],"yoast_head":"<!-- This site is optimized with the Yoast SEO plugin v26.3 - https:\/\/yoast.com\/wordpress\/plugins\/seo\/ -->\n<title>Contacts - Citergaz<\/title>\n<meta name=\"robots\" content=\"index, follow, max-snippet:-1, max-image-preview:large, max-video-preview:-1\" \/>\n<link rel=\"canonical\" href=\"https:\/\/www.citergaz.com\/contactos\/\" \/>\n<meta property=\"og:locale\" content=\"en_US\" \/>\n<meta property=\"og:type\" content=\"article\" \/>\n<meta property=\"og:title\" content=\"Contacts - Citergaz\" \/>\n<meta property=\"og:description\" content=\"Contacts In\u00edcio Contacts Email: geral@citergaz.com Call: +351 234 520 000 Address Citergaz &#8211; Caldeiraria e Manuten\u00e7\u00e3o S.A, Zona industrial Arruamento E 9, 3850-184 Albergaria-a-Velha, Portugal Opening Hours Monday to Friday: 08h00 \u2013 17h30 Follow us:\" \/>\n<meta property=\"og:url\" content=\"https:\/\/www.citergaz.com\/contactos\/\" \/>\n<meta property=\"og:site_name\" content=\"Citergaz\" \/>\n<meta property=\"article:publisher\" content=\"https:\/\/www.facebook.com\/citergaztanks\/\" \/>\n<meta property=\"article:modified_time\" content=\"2025-11-06T15:52:38+00:00\" \/>\n<meta property=\"og:image\" content=\"https:\/\/www.citergaz.com\/wp-content\/uploads\/2025\/04\/citergaz-logo.png\" \/>\n\t<meta property=\"og:image:width\" content=\"803\" \/>\n\t<meta property=\"og:image:height\" content=\"75\" \/>\n\t<meta property=\"og:image:type\" content=\"image\/png\" \/>\n<meta name=\"twitter:card\" content=\"summary_large_image\" \/>\n<script type=\"application\/ld+json\" class=\"yoast-schema-graph\">{\"@context\":\"https:\/\/schema.org\",\"@graph\":[{\"@type\":\"WebPage\",\"@id\":\"https:\/\/www.citergaz.com\/contactos\/\",\"url\":\"https:\/\/www.citergaz.com\/contactos\/\",\"name\":\"Contacts - Citergaz\",\"isPartOf\":{\"@id\":\"https:\/\/www.citergaz.com\/#website\"},\"datePublished\":\"2024-02-16T07:03:48+00:00\",\"dateModified\":\"2025-11-06T15:52:38+00:00\",\"breadcrumb\":{\"@id\":\"https:\/\/www.citergaz.com\/contactos\/#breadcrumb\"},\"inLanguage\":\"en-US\",\"potentialAction\":[{\"@type\":\"ReadAction\",\"target\":[\"https:\/\/www.citergaz.com\/contactos\/\"]}]},{\"@type\":\"BreadcrumbList\",\"@id\":\"https:\/\/www.citergaz.com\/contactos\/#breadcrumb\",\"itemListElement\":[{\"@type\":\"ListItem\",\"position\":1,\"name\":\"In\u00edcio\",\"item\":\"https:\/\/www.citergaz.com\/en\/\"},{\"@type\":\"ListItem\",\"position\":2,\"name\":\"Contacts\"}]},{\"@type\":\"WebSite\",\"@id\":\"https:\/\/www.citergaz.com\/#website\",\"url\":\"https:\/\/www.citergaz.com\/\",\"name\":\"Citergaz\",\"description\":\"Solu\u00e7\u00f5es de armazenamento\",\"publisher\":{\"@id\":\"https:\/\/www.citergaz.com\/#organization\"},\"potentialAction\":[{\"@type\":\"SearchAction\",\"target\":{\"@type\":\"EntryPoint\",\"urlTemplate\":\"https:\/\/www.citergaz.com\/?s={search_term_string}\"},\"query-input\":{\"@type\":\"PropertyValueSpecification\",\"valueRequired\":true,\"valueName\":\"search_term_string\"}}],\"inLanguage\":\"en-US\"},{\"@type\":\"Organization\",\"@id\":\"https:\/\/www.citergaz.com\/#organization\",\"name\":\"Citergaz\",\"url\":\"https:\/\/www.citergaz.com\/\",\"logo\":{\"@type\":\"ImageObject\",\"inLanguage\":\"en-US\",\"@id\":\"https:\/\/www.citergaz.com\/#\/schema\/logo\/image\/\",\"url\":\"https:\/\/www.citergaz.com\/wp-content\/uploads\/2025\/04\/cropped-citergaz-logo-1.png\",\"contentUrl\":\"https:\/\/www.citergaz.com\/wp-content\/uploads\/2025\/04\/cropped-citergaz-logo-1.png\",\"width\":803,\"height\":75,\"caption\":\"Citergaz\"},\"image\":{\"@id\":\"https:\/\/www.citergaz.com\/#\/schema\/logo\/image\/\"},\"sameAs\":[\"https:\/\/www.facebook.com\/citergaztanks\/\",\"https:\/\/www.instagram.com\/citergaz.sa\",\"https:\/\/www.linkedin.com\/company\/citergaz\/\"]}]}<\/script>\n<!-- \/ Yoast SEO plugin. -->","yoast_head_json":{"title":"Contacts - Citergaz","robots":{"index":"index","follow":"follow","max-snippet":"max-snippet:-1","max-image-preview":"max-image-preview:large","max-video-preview":"max-video-preview:-1"},"canonical":"https:\/\/www.citergaz.com\/contactos\/","og_locale":"en_US","og_type":"article","og_title":"Contacts - Citergaz","og_description":"Contacts In\u00edcio Contacts Email: geral@citergaz.com Call: +351 234 520 000 Address Citergaz &#8211; Caldeiraria e Manuten\u00e7\u00e3o S.A, Zona industrial Arruamento E 9, 3850-184 Albergaria-a-Velha, Portugal Opening Hours Monday to Friday: 08h00 \u2013 17h30 Follow us:","og_url":"https:\/\/www.citergaz.com\/contactos\/","og_site_name":"Citergaz","article_publisher":"https:\/\/www.facebook.com\/citergaztanks\/","article_modified_time":"2025-11-06T15:52:38+00:00","og_image":[{"width":803,"height":75,"url":"https:\/\/www.citergaz.com\/wp-content\/uploads\/2025\/04\/citergaz-logo.png","type":"image\/png"}],"twitter_card":"summary_large_image","schema":{"@context":"https:\/\/schema.org","@graph":[{"@type":"WebPage","@id":"https:\/\/www.citergaz.com\/contactos\/","url":"https:\/\/www.citergaz.com\/contactos\/","name":"Contacts - Citergaz","isPartOf":{"@id":"https:\/\/www.citergaz.com\/#website"},"datePublished":"2024-02-16T07:03:48+00:00","dateModified":"2025-11-06T15:52:38+00:00","breadcrumb":{"@id":"https:\/\/www.citergaz.com\/contactos\/#breadcrumb"},"inLanguage":"en-US","potentialAction":[{"@type":"ReadAction","target":["https:\/\/www.citergaz.com\/contactos\/"]}]},{"@type":"BreadcrumbList","@id":"https:\/\/www.citergaz.com\/contactos\/#breadcrumb","itemListElement":[{"@type":"ListItem","position":1,"name":"In\u00edcio","item":"https:\/\/www.citergaz.com\/en\/"},{"@type":"ListItem","position":2,"name":"Contacts"}]},{"@type":"WebSite","@id":"https:\/\/www.citergaz.com\/#website","url":"https:\/\/www.citergaz.com\/","name":"Citergaz","description":"Solu\u00e7\u00f5es de armazenamento","publisher":{"@id":"https:\/\/www.citergaz.com\/#organization"},"potentialAction":[{"@type":"SearchAction","target":{"@type":"EntryPoint","urlTemplate":"https:\/\/www.citergaz.com\/?s={search_term_string}"},"query-input":{"@type":"PropertyValueSpecification","valueRequired":true,"valueName":"search_term_string"}}],"inLanguage":"en-US"},{"@type":"Organization","@id":"https:\/\/www.citergaz.com\/#organization","name":"Citergaz","url":"https:\/\/www.citergaz.com\/","logo":{"@type":"ImageObject","inLanguage":"en-US","@id":"https:\/\/www.citergaz.com\/#\/schema\/logo\/image\/","url":"https:\/\/www.citergaz.com\/wp-content\/uploads\/2025\/04\/cropped-citergaz-logo-1.png","contentUrl":"https:\/\/www.citergaz.com\/wp-content\/uploads\/2025\/04\/cropped-citergaz-logo-1.png","width":803,"height":75,"caption":"Citergaz"},"image":{"@id":"https:\/\/www.citergaz.com\/#\/schema\/logo\/image\/"},"sameAs":["https:\/\/www.facebook.com\/citergaztanks\/","https:\/\/www.instagram.com\/citergaz.sa","https:\/\/www.linkedin.com\/company\/citergaz\/"]}]}},"_links":{"self":[{"href":"https:\/\/www.citergaz.com\/en\/wp-json\/wp\/v2\/pages\/2910","targetHints":{"allow":["GET"]}}],"collection":[{"href":"https:\/\/www.citergaz.com\/en\/wp-json\/wp\/v2\/pages"}],"about":[{"href":"https:\/\/www.citergaz.com\/en\/wp-json\/wp\/v2\/types\/page"}],"author":[{"embeddable":true,"href":"https:\/\/www.citergaz.com\/en\/wp-json\/wp\/v2\/users\/3"}],"replies":[{"embeddable":true,"href":"https:\/\/www.citergaz.com\/en\/wp-json\/wp\/v2\/comments?post=2910"}],"version-history":[{"count":17,"href":"https:\/\/www.citergaz.com\/en\/wp-json\/wp\/v2\/pages\/2910\/revisions"}],"predecessor-version":[{"id":2991,"href":"https:\/\/www.citergaz.com\/en\/wp-json\/wp\/v2\/pages\/2910\/revisions\/2991"}],"wp:attachment":[{"href":"https:\/\/www.citergaz.com\/en\/wp-json\/wp\/v2\/media?parent=2910"}],"curies":[{"name":"wp","href":"https:\/\/api.w.org\/{rel}","templated":true}]}}